{"id":40,"date":"2023-08-07T13:48:59","date_gmt":"2023-08-07T11:48:59","guid":{"rendered":"https:\/\/www.livesen-map.eu\/?page_id=40"},"modified":"2025-04-09T17:48:57","modified_gmt":"2025-04-09T15:48:57","slug":"home","status":"publish","type":"page","link":"https:\/\/www.livesen-map.eu\/en\/","title":{"rendered":"Home"},"content":{"rendered":"<div class=\"wp-block-cover alignfull is-light\" style=\"min-height:700px;aspect-ratio:unset;\"><span aria-hidden=\"true\" class=\"wp-block-cover__background has-background-dim-0 has-background-dim\"><\/span><img loading=\"lazy\" decoding=\"async\" width=\"2560\" height=\"1707\" class=\"wp-block-cover__image-background wp-image-49\" alt=\"\" src=\"https:\/\/www.livesen-map.eu\/wp-content\/uploads\/2023\/08\/DSC0086_heller-scaled.jpg\" data-object-fit=\"cover\" srcset=\"https:\/\/www.livesen-map.eu\/wp-content\/uploads\/2023\/08\/DSC0086_heller-scaled.jpg 2560w, https:\/\/www.livesen-map.eu\/wp-content\/uploads\/2023\/08\/DSC0086_heller-300x200.jpg 300w, https:\/\/www.livesen-map.eu\/wp-content\/uploads\/2023\/08\/DSC0086_heller-1024x683.jpg 1024w, https:\/\/www.livesen-map.eu\/wp-content\/uploads\/2023\/08\/DSC0086_heller-768x512.jpg 768w, https:\/\/www.livesen-map.eu\/wp-content\/uploads\/2023\/08\/DSC0086_heller-1536x1024.jpg 1536w, https:\/\/www.livesen-map.eu\/wp-content\/uploads\/2023\/08\/DSC0086_heller-2048x1365.jpg 2048w, https:\/\/www.livesen-map.eu\/wp-content\/uploads\/2023\/08\/DSC0086_heller-930x620.jpg 930w\" sizes=\"auto, (max-width: 2560px) 100vw, 2560px\" \/><div class=\"wp-block-cover__inner-container is-layout-flow wp-block-cover-is-layout-flow\">\n<div style=\"height:80px\" aria-hidden=\"true\" class=\"wp-block-spacer\"><\/div>\n\n\n\n<h1 class=\"wp-block-heading has-text-align-center has-text-color\" style=\"color:#121212\"><mark style=\"background-color:var(--nv-text-dark-bg)\" class=\"has-inline-color has-neve-text-color-color\">When and how much fertilizer should I apply?<\/mark><\/h1>\n\n\n\n<p class=\"has-text-align-center\"><strong><mark style=\"background-color:var(--nv-text-dark-bg)\" class=\"has-inline-color has-neve-text-color-color\">We support you in answering this question directly in the field.<\/mark><\/strong><\/p>\n\n\n\n<div class=\"wp-block-group is-vertical is-layout-flex wp-container-core-group-is-layout-8cf370e7 wp-block-group-is-layout-flex\">\n<p class=\"has-text-align-center\"><\/p>\n<\/div>\n\n\n\n<div style=\"height:80px\" aria-hidden=\"true\" class=\"wp-block-spacer\"><\/div>\n\n\n\n<div style=\"height:80px\" aria-hidden=\"true\" class=\"wp-block-spacer\"><\/div>\n<\/div><\/div>\n\n\n\n<div style=\"height:80px\" aria-hidden=\"true\" class=\"wp-block-spacer\"><\/div>\n\n\n\n<div class=\"wp-block-columns is-layout-flex wp-container-core-columns-is-layout-9d6595d7 wp-block-columns-is-layout-flex\">\n<div class=\"wp-block-column is-layout-flow wp-block-column-is-layout-flow\"><div class=\"wp-block-image icon-style is-style-rounded\">\n<figure class=\"aligncenter size-large is-resized\"><img loading=\"lazy\" decoding=\"async\" width=\"1024\" height=\"1024\" src=\"https:\/\/www.livesen-map.eu\/wp-content\/uploads\/2023\/10\/33-1024x1024.png\" alt=\"\" class=\"wp-image-262\" style=\"width:91px;height:91px\" title=\"\" srcset=\"https:\/\/www.livesen-map.eu\/wp-content\/uploads\/2023\/10\/33-1024x1024.png 1024w, https:\/\/www.livesen-map.eu\/wp-content\/uploads\/2023\/10\/33-300x300.png 300w, https:\/\/www.livesen-map.eu\/wp-content\/uploads\/2023\/10\/33-150x150.png 150w, https:\/\/www.livesen-map.eu\/wp-content\/uploads\/2023\/10\/33-768x768.png 768w, https:\/\/www.livesen-map.eu\/wp-content\/uploads\/2023\/10\/33-12x12.png 12w, https:\/\/www.livesen-map.eu\/wp-content\/uploads\/2023\/10\/33.png 1080w\" sizes=\"auto, (max-width: 1024px) 100vw, 1024px\" \/><\/figure>\n<\/div>\n\n\n<div style=\"height:28px\" aria-hidden=\"true\" class=\"wp-block-spacer\"><\/div>\n\n\n\n<h6 class=\"wp-block-heading has-text-align-center has-neve-text-color-color has-text-color\">Determine nitrate faster and more accurately<\/h6>\n\n\n\n<p class=\"has-text-align-center\">through innovative biosensor test strips, developed by us.<\/p>\n\n\n\n<div style=\"height:20px\" aria-hidden=\"true\" class=\"wp-block-spacer\"><\/div>\n<\/div>\n\n\n\n<div class=\"wp-block-column is-layout-flow wp-block-column-is-layout-flow\"><div class=\"wp-block-image icon-style is-style-rounded\">\n<figure class=\"aligncenter size-large is-resized\"><img loading=\"lazy\" decoding=\"async\" width=\"1024\" height=\"1024\" src=\"https:\/\/www.livesen-map.eu\/wp-content\/uploads\/2023\/10\/34-1024x1024.png\" alt=\"\" class=\"wp-image-263\" style=\"width:91px;height:91px\" srcset=\"https:\/\/www.livesen-map.eu\/wp-content\/uploads\/2023\/10\/34-1024x1024.png 1024w, https:\/\/www.livesen-map.eu\/wp-content\/uploads\/2023\/10\/34-300x300.png 300w, https:\/\/www.livesen-map.eu\/wp-content\/uploads\/2023\/10\/34-150x150.png 150w, https:\/\/www.livesen-map.eu\/wp-content\/uploads\/2023\/10\/34-768x768.png 768w, https:\/\/www.livesen-map.eu\/wp-content\/uploads\/2023\/10\/34-12x12.png 12w, https:\/\/www.livesen-map.eu\/wp-content\/uploads\/2023\/10\/34.png 1080w\" sizes=\"auto, (max-width: 1024px) 100vw, 1024px\" \/><\/figure>\n<\/div>\n\n\n<div style=\"height:28px\" aria-hidden=\"true\" class=\"wp-block-spacer\"><\/div>\n\n\n\n<h6 class=\"wp-block-heading has-text-align-center has-neve-text-color-color has-text-color\">Remote sensing increases performance<\/h6>\n\n\n\n<p class=\"has-text-align-center\">in Kombination mit den im Feld ermittelten N\u00e4hrstoffbedarf der Pflanzen.<\/p>\n\n\n\n<div style=\"height:20px\" aria-hidden=\"true\" class=\"wp-block-spacer\"><\/div>\n<\/div>\n\n\n\n<div class=\"wp-block-column is-layout-flow wp-block-column-is-layout-flow\"><div class=\"wp-block-image icon-style is-style-rounded\">\n<figure class=\"aligncenter size-large is-resized\"><img loading=\"lazy\" decoding=\"async\" width=\"1024\" height=\"1024\" src=\"https:\/\/www.livesen-map.eu\/wp-content\/uploads\/2023\/10\/35-1024x1024.png\" alt=\"\" class=\"wp-image-264\" style=\"width:91px;height:91px\" srcset=\"https:\/\/www.livesen-map.eu\/wp-content\/uploads\/2023\/10\/35-1024x1024.png 1024w, https:\/\/www.livesen-map.eu\/wp-content\/uploads\/2023\/10\/35-300x300.png 300w, https:\/\/www.livesen-map.eu\/wp-content\/uploads\/2023\/10\/35-150x150.png 150w, https:\/\/www.livesen-map.eu\/wp-content\/uploads\/2023\/10\/35-768x768.png 768w, https:\/\/www.livesen-map.eu\/wp-content\/uploads\/2023\/10\/35-12x12.png 12w, https:\/\/www.livesen-map.eu\/wp-content\/uploads\/2023\/10\/35.png 1080w\" sizes=\"auto, (max-width: 1024px) 100vw, 1024px\" \/><\/figure>\n<\/div>\n\n\n<div style=\"height:28px\" aria-hidden=\"true\" class=\"wp-block-spacer\"><\/div>\n\n\n\n<h6 class=\"wp-block-heading has-text-align-center has-neve-text-color-color has-text-color\">Less fertilizer and higher yields<\/h6>\n\n\n\n<p class=\"has-text-align-center\">promote sustainable production and thus increase environmental compatibility.<\/p>\n\n\n\n<div style=\"height:20px\" aria-hidden=\"true\" class=\"wp-block-spacer\"><\/div>\n<\/div>\n<\/div>\n\n\n\n<div style=\"height:80px\" aria-hidden=\"true\" class=\"wp-block-spacer\"><\/div>\n\n\n\n<div class=\"wp-block-cover alignfull\" style=\"min-height:600px;aspect-ratio:unset;\"><span aria-hidden=\"true\" class=\"wp-block-cover__background has-nv-light-bg-background-color has-background-dim-100 has-background-dim\"><\/span><div class=\"wp-block-cover__inner-container is-layout-flow wp-block-cover-is-layout-flow\">\n<div class=\"wp-block-group\"><div class=\"wp-block-group__inner-container is-layout-flow wp-block-group-is-layout-flow\">\n<div style=\"height:80px\" aria-hidden=\"true\" class=\"wp-block-spacer\"><\/div>\n\n\n\n<div class=\"wp-block-columns are-vertically-aligned-center is-layout-flex wp-container-core-columns-is-layout-9d6595d7 wp-block-columns-is-layout-flex\">\n<div class=\"wp-block-column is-vertically-aligned-center is-layout-flow wp-block-column-is-layout-flow\" style=\"flex-basis:50%\">\n<figure class=\"wp-block-image size-large is-resized\"><img loading=\"lazy\" decoding=\"async\" width=\"1024\" height=\"876\" src=\"https:\/\/www.livesen-map.eu\/wp-content\/uploads\/2023\/08\/LiveSen-MAP_scheme_bw-1024x876.png\" alt=\"\" class=\"wp-image-96\" style=\"width:580px;height:497px\" srcset=\"https:\/\/www.livesen-map.eu\/wp-content\/uploads\/2023\/08\/LiveSen-MAP_scheme_bw-1024x876.png 1024w, https:\/\/www.livesen-map.eu\/wp-content\/uploads\/2023\/08\/LiveSen-MAP_scheme_bw-300x257.png 300w, https:\/\/www.livesen-map.eu\/wp-content\/uploads\/2023\/08\/LiveSen-MAP_scheme_bw-768x657.png 768w, https:\/\/www.livesen-map.eu\/wp-content\/uploads\/2023\/08\/LiveSen-MAP_scheme_bw-1536x1313.png 1536w, https:\/\/www.livesen-map.eu\/wp-content\/uploads\/2023\/08\/LiveSen-MAP_scheme_bw-2048x1751.png 2048w\" sizes=\"auto, (max-width: 1024px) 100vw, 1024px\" \/><\/figure>\n<\/div>\n\n\n\n<div class=\"wp-block-column is-vertically-aligned-center is-layout-flow wp-block-column-is-layout-flow\" style=\"flex-basis:50%\">\n<div style=\"height:20px\" aria-hidden=\"true\" class=\"wp-block-spacer\"><\/div>\n\n\n\n<h2 class=\"wp-block-heading has-text-align-left has-neve-text-color-color has-text-color\">The project<\/h2>\n\n\n\n<p class=\"has-text-align-left has-neve-text-color-color has-text-color\" style=\"font-size:17px\">In the LiveSen-MAP project, we will work with farmers to collect a high-resolution data set on crop nutrient status over multiple growing seasons to validate and apply a range of predictive models to create field- and region-specific fertilizer recommendations.<\/p>\n\n\n\n<div class=\"wp-block-buttons is-horizontal is-content-justification-left is-layout-flex wp-container-core-buttons-is-layout-7e5fce0a wp-block-buttons-is-layout-flex\">\n<div class=\"wp-block-button is-style-primary\"><a class=\"wp-block-button__link wp-element-button\" href=\"https:\/\/www.livesen-map.eu\/en\/about-the-project\/\">FIND OUT MORE<\/a><\/div>\n<\/div>\n<\/div>\n<\/div>\n\n\n\n<div style=\"height:40px\" aria-hidden=\"true\" class=\"wp-block-spacer\"><\/div>\n<\/div><\/div>\n<\/div><\/div>\n\n\n\n<div class=\"wp-block-cover alignfull\" style=\"min-height:600px;aspect-ratio:unset;\"><span aria-hidden=\"true\" class=\"wp-block-cover__background has-nv-site-bg-background-color has-background-dim-100 has-background-dim\"><\/span><div class=\"wp-block-cover__inner-container is-layout-flow wp-block-cover-is-layout-flow\">\n<div class=\"wp-block-group\"><div class=\"wp-block-group__inner-container is-layout-flow wp-block-group-is-layout-flow\">\n<div style=\"height:80px\" aria-hidden=\"true\" class=\"wp-block-spacer\"><\/div>\n\n\n\n<div class=\"wp-block-columns are-vertically-aligned-center is-layout-flex wp-container-core-columns-is-layout-9d6595d7 wp-block-columns-is-layout-flex\">\n<div class=\"wp-block-column is-vertically-aligned-center is-layout-flow wp-block-column-is-layout-flow\" style=\"flex-basis:50%\">\n<h2 class=\"wp-block-heading has-text-align-left has-neve-text-color-color has-text-color\">The team<\/h2>\n\n\n\n<p class=\"has-text-align-left has-neve-text-color-color has-text-color\" style=\"font-size:17px\">Our team is versatile. Our areas of expertise are agriculture, economics, chemistry, computer science and innovation management. Our shared vision is to establish sustainable agricultural practices by combining precise field and remote sensing to enable AI fertilizer recommendations.<\/p>\n\n\n\n<div class=\"wp-block-buttons is-horizontal is-content-justification-left is-layout-flex wp-container-core-buttons-is-layout-7e5fce0a wp-block-buttons-is-layout-flex\">\n<div class=\"wp-block-button is-style-primary\"><a class=\"wp-block-button__link wp-element-button\" href=\"https:\/\/www.livesen-map.eu\/en\/project-team\/\">FIND OUT MORE<\/a><\/div>\n<\/div>\n\n\n\n<div style=\"height:41px\" aria-hidden=\"true\" class=\"wp-block-spacer\"><\/div>\n<\/div>\n\n\n\n<div class=\"wp-block-column is-vertically-aligned-center is-layout-flow wp-block-column-is-layout-flow\" style=\"flex-basis:50%\">\n<figure class=\"wp-block-image size-large\"><img loading=\"lazy\" decoding=\"async\" width=\"1024\" height=\"683\" src=\"https:\/\/www.livesen-map.eu\/wp-content\/uploads\/2023\/08\/DSC01036-1-1024x683.jpg\" alt=\"\" class=\"wp-image-132\" srcset=\"https:\/\/www.livesen-map.eu\/wp-content\/uploads\/2023\/08\/DSC01036-1-1024x683.jpg 1024w, https:\/\/www.livesen-map.eu\/wp-content\/uploads\/2023\/08\/DSC01036-1-300x200.jpg 300w, https:\/\/www.livesen-map.eu\/wp-content\/uploads\/2023\/08\/DSC01036-1-768x512.jpg 768w, https:\/\/www.livesen-map.eu\/wp-content\/uploads\/2023\/08\/DSC01036-1-1536x1024.jpg 1536w, https:\/\/www.livesen-map.eu\/wp-content\/uploads\/2023\/08\/DSC01036-1-2048x1365.jpg 2048w, https:\/\/www.livesen-map.eu\/wp-content\/uploads\/2023\/08\/DSC01036-1-930x620.jpg 930w\" sizes=\"auto, (max-width: 1024px) 100vw, 1024px\" \/><\/figure>\n<\/div>\n<\/div>\n\n\n\n<div style=\"height:40px\" aria-hidden=\"true\" class=\"wp-block-spacer\"><\/div>\n<\/div><\/div>\n<\/div><\/div>\n\n\n\n<div class=\"wp-block-cover alignfull is-light\" style=\"min-height:300px;aspect-ratio:unset;\"><span aria-hidden=\"true\" class=\"wp-block-cover__background has-nv-dark-bg-background-color has-background-dim\"><\/span><img loading=\"lazy\" decoding=\"async\" width=\"2560\" height=\"1701\" class=\"wp-block-cover__image-background wp-image-144\" alt=\"\" src=\"https:\/\/www.livesen-map.eu\/wp-content\/uploads\/2023\/08\/DSC09709_modified-scaled.jpg\" data-object-fit=\"cover\" srcset=\"https:\/\/www.livesen-map.eu\/wp-content\/uploads\/2023\/08\/DSC09709_modified-scaled.jpg 2560w, https:\/\/www.livesen-map.eu\/wp-content\/uploads\/2023\/08\/DSC09709_modified-300x199.jpg 300w, https:\/\/www.livesen-map.eu\/wp-content\/uploads\/2023\/08\/DSC09709_modified-1024x680.jpg 1024w, https:\/\/www.livesen-map.eu\/wp-content\/uploads\/2023\/08\/DSC09709_modified-768x510.jpg 768w, https:\/\/www.livesen-map.eu\/wp-content\/uploads\/2023\/08\/DSC09709_modified-1536x1021.jpg 1536w, https:\/\/www.livesen-map.eu\/wp-content\/uploads\/2023\/08\/DSC09709_modified-2048x1361.jpg 2048w\" sizes=\"auto, (max-width: 2560px) 100vw, 2560px\" \/><div class=\"wp-block-cover__inner-container is-layout-flow wp-block-cover-is-layout-flow\">\n<div style=\"height:37px\" aria-hidden=\"true\" class=\"wp-block-spacer\"><\/div>\n\n\n\n<h2 class=\"wp-block-heading has-text-align-center has-nv-text-dark-bg-color has-text-color\">Recruitment completed!<\/h2>\n\n\n\n<p class=\"has-text-align-center\"><mark style=\"background-color:var(--nv-primary-accent)\" class=\"has-inline-color has-nv-site-bg-color\"><strong>Around 100 farmers from Europe are taking part in our field trial!<\/strong><\/mark><\/p>\n\n\n\n<div class=\"wp-block-group is-vertical is-layout-flex wp-container-core-group-is-layout-8cf370e7 wp-block-group-is-layout-flex\">\n<p><mark style=\"background-color:rgba(0, 0, 0, 0)\" class=\"has-inline-color has-nv-text-dark-bg-color\">Follow our social media on LinkedIn and Instagram @LiveSenMAP to get the latest news.<\/mark><\/p>\n\n\n\n<p class=\"has-text-align-center\"><\/p>\n<\/div>\n\n\n\n<div style=\"height:78px\" aria-hidden=\"true\" class=\"wp-block-spacer\"><\/div>\n<\/div><\/div>\n\n\n\n<p><\/p>","protected":false},"excerpt":{"rendered":"<p>Nitrat genauer und schneller bestimmen durch innovative Biosensor-Teststreifen, von uns entwickelt. Fernerkundung erh\u00f6ht die Leistung in Kombination mit den im Feld ermittelten N\u00e4hrstoffbedarf der Pflanzen. Weniger D\u00fcnger und h\u00f6here Ertr\u00e4ge f\u00f6rdern eine nachhaltige Produktion und steigert so die Umweltvertr\u00e4glichkeit.<\/p>","protected":false},"author":2,"featured_media":0,"parent":0,"menu_order":-1,"comment_status":"closed","ping_status":"closed","template":"","meta":{"neve_meta_sidebar":"default","neve_meta_container":"default","neve_meta_enable_content_width":"on","neve_meta_content_width":100,"neve_meta_title_alignment":"","neve_meta_author_avatar":"","neve_post_elements_order":"","neve_meta_disable_header":"","neve_meta_disable_footer":"","neve_meta_disable_title":"on","footnotes":""},"class_list":["post-40","page","type-page","status-publish","hentry"],"_links":{"self":[{"href":"https:\/\/www.livesen-map.eu\/en\/wp-json\/wp\/v2\/pages\/40","targetHints":{"allow":["GET"]}}],"collection":[{"href":"https:\/\/www.livesen-map.eu\/en\/wp-json\/wp\/v2\/pages"}],"about":[{"href":"https:\/\/www.livesen-map.eu\/en\/wp-json\/wp\/v2\/types\/page"}],"author":[{"embeddable":true,"href":"https:\/\/www.livesen-map.eu\/en\/wp-json\/wp\/v2\/users\/2"}],"replies":[{"embeddable":true,"href":"https:\/\/www.livesen-map.eu\/en\/wp-json\/wp\/v2\/comments?post=40"}],"version-history":[{"count":35,"href":"https:\/\/www.livesen-map.eu\/en\/wp-json\/wp\/v2\/pages\/40\/revisions"}],"predecessor-version":[{"id":450,"href":"https:\/\/www.livesen-map.eu\/en\/wp-json\/wp\/v2\/pages\/40\/revisions\/450"}],"wp:attachment":[{"href":"https:\/\/www.livesen-map.eu\/en\/wp-json\/wp\/v2\/media?parent=40"}],"curies":[{"name":"wp","href":"https:\/\/api.w.org\/{rel}","templated":true}]}}